{"id":3,"date":"2025-12-13T19:57:10","date_gmt":"2025-12-13T18:57:10","guid":{"rendered":"https:\/\/www.jesob.de\/?page_id=3"},"modified":"2025-12-13T21:03:16","modified_gmt":"2025-12-13T20:03:16","slug":"datenschutzerklaerung","status":"publish","type":"page","link":"https:\/\/www.jesob.de\/index.php\/datenschutzerklaerung\/","title":{"rendered":"Datenschutzerkl\u00e4rung"},"content":{"rendered":"\n<p>Die Adresse unserer Website ist: <a href=\"https:\/\/www.jesob.de\">https:\/\/www.jesob.de<\/a><\/p>\n\n\n\n<hr class=\"wp-block-separator has-alpha-channel-opacity\"\/>\n\n\n\n<h2 class=\"wp-block-heading\">Kommentare<\/h2>\n\n\n\n<p>Wenn Besucher Kommentare auf der Website schreiben, sammeln wir die Daten, die im Kommentarformular angezeigt werden. Au\u00dferdem erfassen wir die IP-Adresse des Besuchers und den User-Agent-String (zur Browsererkennung), um die Erkennung von Spam zu unterst\u00fctzen.<\/p>\n\n\n\n<p>Aus deiner E-Mail-Adresse kann eine anonymisierte Zeichenfolge (Hash) erstellt und dem Gravatar-Dienst \u00fcbergeben werden, um zu pr\u00fcfen, ob du diesen benutzt. Die Datenschutzerkl\u00e4rung von Gravatar findest du hier:<br>\n<a href=\"https:\/\/automattic.com\/privacy\/\" target=\"_blank\" rel=\"noopener\">https:\/\/automattic.com\/privacy\/<\/a><\/p>\n\n\n\n<p>Nachdem dein Kommentar freigegeben wurde, ist dein Profilbild \u00f6ffentlich im Kontext des Kommentars sichtbar.<\/p>\n\n\n\n<hr class=\"wp-block-separator has-alpha-channel-opacity\"\/>\n\n\n\n<h2 class=\"wp-block-heading\">Medien<\/h2>\n\n\n\n<p>Wenn du ein registrierter Benutzer bist und Fotos auf diese Website hochl\u00e4dst, solltest du vermeiden, Bilder mit EXIF-GPS-Standortdaten zu verwenden. Besucher dieser Website k\u00f6nnten die Bilder herunterladen und deren Standortinformationen extrahieren.<\/p>\n\n\n\n<hr class=\"wp-block-separator has-alpha-channel-opacity\"\/>\n\n\n\n<h2 class=\"wp-block-heading\">Cookies<\/h2>\n\n\n\n<p>Wenn du einen Kommentar auf unserer Website schreibst, kann dies eine Einwilligung sein, deinen Namen, deine E-Mail-Adresse und deine Website in Cookies zu speichern. Diese dienen deinem Komfort, damit du diese Daten nicht erneut eingeben musst. Die Cookies werden f\u00fcr ein Jahr gespeichert.<\/p>\n\n\n\n<p>Wenn du ein Konto besitzt und dich anmeldest, setzen wir ein tempor\u00e4res Cookie, um zu pr\u00fcfen, ob dein Browser Cookies akzeptiert. Dieses Cookie enth\u00e4lt keine personenbezogenen Daten und wird gel\u00f6scht, sobald du deinen Browser schlie\u00dft.<\/p>\n\n\n\n<p>Bei der Anmeldung setzen wir Cookies, um deine Anmeldeinformationen und Anzeigeoptionen zu speichern. Anmelde-Cookies verfallen nach zwei Tagen, Cookies f\u00fcr Anzeigeoptionen nach einem Jahr. Wenn du \u201eAngemeldet bleiben\u201c ausw\u00e4hlst, bleibt deine Anmeldung zwei Wochen bestehen. Beim Abmelden werden die Anmelde-Cookies gel\u00f6scht.<\/p>\n\n\n\n<p>Wenn du einen Artikel bearbeitest oder ver\u00f6ffentlichst, wird ein weiteres Cookie gespeichert, das keine personenbezogenen Daten enth\u00e4lt, sondern lediglich die Beitrags-ID des Artikels. Dieses Cookie verf\u00e4llt nach einem Tag.<\/p>\n\n\n\n<hr class=\"wp-block-separator has-alpha-channel-opacity\"\/>\n\n\n\n<h2 class=\"wp-block-heading\">Eingebettete Inhalte von anderen Websites<\/h2>\n\n\n\n<p>Beitr\u00e4ge auf dieser Website k\u00f6nnen eingebettete Inhalte enthalten (z. B. Videos, Bilder oder Beitr\u00e4ge). Eingebettete Inhalte verhalten sich genauso, als w\u00fcrdest du die jeweilige externe Website direkt besuchen.<\/p>\n\n\n\n<p>Diese Websites k\u00f6nnen Daten \u00fcber dich sammeln, Cookies einsetzen, zus\u00e4tzliche Tracking-Dienste von Dritten einbinden und deine Interaktion mit dem eingebetteten Inhalt aufzeichnen \u2013 einschlie\u00dflich deiner Interaktion, falls du dort ein Konto besitzt und eingeloggt bist.<\/p>\n\n\n\n<hr class=\"wp-block-separator has-alpha-channel-opacity\"\/>\n\n\n\n<h2 class=\"wp-block-heading\">Mit wem wir deine Daten teilen<\/h2>\n\n\n\n<p>Wenn du eine Zur\u00fccksetzung deines Passworts beantragst, wird deine IP-Adresse in der entsprechenden E-Mail zur Passwortzur\u00fccksetzung enthalten sein.<\/p>\n\n\n\n<hr class=\"wp-block-separator has-alpha-channel-opacity\"\/>\n\n\n\n<h2 class=\"wp-block-heading\">Wie lange wir deine Daten speichern<\/h2>\n\n\n\n<p>Wenn du einen Kommentar schreibst, wird dieser inklusive Metadaten zeitlich unbegrenzt gespeichert. Dadurch k\u00f6nnen wir Folgekommentare automatisch erkennen und freigeben, anstatt sie in einer Moderationswarteschlange zu halten.<\/p>\n\n\n\n<p>F\u00fcr Benutzer, die sich auf unserer Website registrieren, speichern wir auch die pers\u00f6nlichen Informationen, die im Benutzerprofil angegeben werden. Benutzer k\u00f6nnen ihre Daten jederzeit einsehen, \u00e4ndern oder l\u00f6schen (mit Ausnahme des Benutzernamens). Administratoren der Website k\u00f6nnen diese Informationen ebenfalls einsehen und bearbeiten.<\/p>\n\n\n\n<hr class=\"wp-block-separator has-alpha-channel-opacity\"\/>\n\n\n\n<h2 class=\"wp-block-heading\">Welche Rechte du an deinen Daten hast<\/h2>\n\n\n\n<p>Wenn du ein Konto auf dieser Website besitzt oder Kommentare hinterlassen hast, kannst du einen Export deiner personenbezogenen Daten bei uns anfordern. Dies umfasst alle Daten, die du uns zur Verf\u00fcgung gestellt hast.<\/p>\n\n\n\n<p>Du kannst au\u00dferdem die L\u00f6schung aller personenbezogenen Daten verlangen, die wir gespeichert haben. Dies betrifft nicht die Daten, die wir aufgrund administrativer, rechtlicher oder sicherheitsrelevanter Verpflichtungen aufbewahren m\u00fcssen.<\/p>\n\n\n\n<hr class=\"wp-block-separator has-alpha-channel-opacity\"\/>\n\n\n\n<h2 class=\"wp-block-heading\">Wohin wir deine Daten senden<\/h2>\n\n\n\n<p>Besucher-Kommentare k\u00f6nnen von einem automatisierten Dienst zur Spam-Erkennung untersucht werden.<\/p>\n","protected":false},"excerpt":{"rendered":"<p>Die Adresse unserer Website ist: https:\/\/www.jesob.de Kommentare Wenn Besucher Kommentare auf der Website schreiben, sammeln wir die Daten, die im Kommentarformular angezeigt werden. Au\u00dferdem erfassen wir die IP-Adresse des Besuchers und den User-Agent-String (zur Browsererkennung), um die Erkennung von Spam zu unterst\u00fctzen. Aus deiner E-Mail-Adresse kann eine anonymisierte Zeichenfolge (Hash) erstellt und dem Gravatar-Dienst \u00fcbergeben [&hellip;]<\/p>\n","protected":false},"author":1,"featured_media":0,"parent":0,"menu_order":4,"comment_status":"closed","ping_status":"open","template":"","meta":{"site-container-style":"default","site-container-layout":"default","site-sidebar-layout":"default","disable-article-header":"default","disable-site-header":"default","disable-site-footer":"default","disable-content-area-spacing":"default","footnotes":""},"class_list":["post-3","page","type-page","status-publish","hentry"],"_links":{"self":[{"href":"https:\/\/www.jesob.de\/index.php\/wp-json\/wp\/v2\/pages\/3","targetHints":{"allow":["GET"]}}],"collection":[{"href":"https:\/\/www.jesob.de\/index.php\/wp-json\/wp\/v2\/pages"}],"about":[{"href":"https:\/\/www.jesob.de\/index.php\/wp-json\/wp\/v2\/types\/page"}],"author":[{"embeddable":true,"href":"https:\/\/www.jesob.de\/index.php\/wp-json\/wp\/v2\/users\/1"}],"replies":[{"embeddable":true,"href":"https:\/\/www.jesob.de\/index.php\/wp-json\/wp\/v2\/comments?post=3"}],"version-history":[{"count":1,"href":"https:\/\/www.jesob.de\/index.php\/wp-json\/wp\/v2\/pages\/3\/revisions"}],"predecessor-version":[{"id":36,"href":"https:\/\/www.jesob.de\/index.php\/wp-json\/wp\/v2\/pages\/3\/revisions\/36"}],"wp:attachment":[{"href":"https:\/\/www.jesob.de\/index.php\/wp-json\/wp\/v2\/media?parent=3"}],"curies":[{"name":"wp","href":"https:\/\/api.w.org\/{rel}","templated":true}]}}