{"id":2,"date":"2025-12-13T19:57:10","date_gmt":"2025-12-13T18:57:10","guid":{"rendered":"https:\/\/www.jesob.de\/?page_id=2"},"modified":"2025-12-13T20:45:25","modified_gmt":"2025-12-13T19:45:25","slug":"beispiel-seite","status":"publish","type":"page","link":"https:\/\/www.jesob.de\/","title":{"rendered":"Willkommen"},"content":{"rendered":"\n<p>Wir sind eine freie Gruppe von Menschen \u2013 ohne Ziel, ohne Hintergedanken, ohne Bedingungen.<\/p>\n\n\n\n<p>Projekt Jesob ist aus der einfachen Idee entstanden, dass echte Hilfe immer freiwillig und bedingungslos sein sollte. Wir glauben, dass jeder Mensch und jedes Tier ein St\u00fcck Unterst\u00fctzung verdient, wenn das Leben gerade schwerer wird als sonst.<\/p>\n\n\n\n<p>Wir haben keine Struktur, keine Verpflichtungen und keine Agenda.<br>Wir folgen keinem Plan au\u00dfer dem Wunsch, Gutes zu tun \u2013 dort, wo es gebraucht wird.<\/p>\n\n\n\n<p>Unsere Aufgaben sind vielf\u00e4ltig:<br>Manchmal helfen wir bei kleinen Dingen, manchmal bei gro\u00dfen Projekten.<br>Ein Umzug, eine handwerkliche Unterst\u00fctzung, ein Besuch bei jemandem, der sich allein f\u00fchlt \u2013 alles kann ein Projekt sein.<br>Genau so wie die kleinen, stillen Momente, die wir als Blog-Eintr\u00e4ge festhalten: kleine Taten, die das Leben heller machen.<\/p>\n\n\n\n<blockquote class=\"wp-block-quote is-layout-flow wp-block-quote-is-layout-flow\">\n<p>Jesob ist ein freier Raum f\u00fcr G\u00fcte.<br>Ein gemeinsames Herzprojekt von Menschen, die einfach helfen wollen.<br>Nicht mehr \u2013 aber auch nicht weniger.<\/p>\n<\/blockquote>\n","protected":false},"excerpt":{"rendered":"<p>Wir sind eine freie Gruppe von Menschen \u2013 ohne Ziel, ohne Hintergedanken, ohne Bedingungen. Projekt Jesob ist aus der einfachen Idee entstanden, dass echte Hilfe immer freiwillig und bedingungslos sein sollte. Wir glauben, dass jeder Mensch und jedes Tier ein St\u00fcck Unterst\u00fctzung verdient, wenn das Leben gerade schwerer wird als sonst. Wir haben keine Struktur, [&hellip;]<\/p>\n","protected":false},"author":1,"featured_media":0,"parent":0,"menu_order":1,"comment_status":"closed","ping_status":"open","template":"","meta":{"site-container-style":"default","site-container-layout":"default","site-sidebar-layout":"default","disable-article-header":"default","disable-site-header":"default","disable-site-footer":"default","disable-content-area-spacing":"default","footnotes":""},"class_list":["post-2","page","type-page","status-publish","hentry"],"_links":{"self":[{"href":"https:\/\/www.jesob.de\/index.php\/wp-json\/wp\/v2\/pages\/2","targetHints":{"allow":["GET"]}}],"collection":[{"href":"https:\/\/www.jesob.de\/index.php\/wp-json\/wp\/v2\/pages"}],"about":[{"href":"https:\/\/www.jesob.de\/index.php\/wp-json\/wp\/v2\/types\/page"}],"author":[{"embeddable":true,"href":"https:\/\/www.jesob.de\/index.php\/wp-json\/wp\/v2\/users\/1"}],"replies":[{"embeddable":true,"href":"https:\/\/www.jesob.de\/index.php\/wp-json\/wp\/v2\/comments?post=2"}],"version-history":[{"count":8,"href":"https:\/\/www.jesob.de\/index.php\/wp-json\/wp\/v2\/pages\/2\/revisions"}],"predecessor-version":[{"id":32,"href":"https:\/\/www.jesob.de\/index.php\/wp-json\/wp\/v2\/pages\/2\/revisions\/32"}],"wp:attachment":[{"href":"https:\/\/www.jesob.de\/index.php\/wp-json\/wp\/v2\/media?parent=2"}],"curies":[{"name":"wp","href":"https:\/\/api.w.org\/{rel}","templated":true}]}}